{"id":1378,"date":"2020-10-23T18:33:06","date_gmt":"2020-10-23T16:33:06","guid":{"rendered":"http:\/\/34.105.196.210\/contact\/"},"modified":"2022-08-16T13:29:21","modified_gmt":"2022-08-16T13:29:21","slug":"kontakt","status":"publish","type":"page","link":"https:\/\/safekiddo.com\/pl\/kontakt\/","title":{"rendered":"Kontakt"},"content":{"rendered":"\t\t<div data-elementor-type=\"wp-page\" data-elementor-id=\"1378\" class=\"elementor elementor-1378 elementor-752\" data-elementor-post-type=\"page\">\n\t\t\t\t\t\t<section class=\"elementor-section elementor-top-section elementor-element elementor-element-89b794d elementor-section-height-min-height elementor-section-boxed elementor-section-height-default elementor-section-items-middle\" data-id=\"89b794d\" data-element_type=\"section\" data-settings=\"{&quot;background_background&quot;:&quot;gradient&quot;}\">\n\t\t\t\t\t\t<div class=\"elementor-container elementor-column-gap-default\">\n\t\t\t\t\t<div class=\"elementor-column elementor-col-50 elementor-top-column elementor-element elementor-element-5f8ca4f\" data-id=\"5f8ca4f\" data-element_type=\"column\">\n\t\t\t<div class=\"elementor-widget-wrap elementor-element-populated\">\n\t\t\t\t\t\t<div class=\"elementor-element elementor-element-ff1fbc5 elementor-widget elementor-widget-heading\" data-id=\"ff1fbc5\" data-element_type=\"widget\" data-widget_type=\"heading.default\">\n\t\t\t\t<div class=\"elementor-widget-container\">\n\t\t\t<h2 class=\"elementor-heading-title elementor-size-default\">Aplikacja kontroli rodzicielskiej.<\/h2>\t\t<\/div>\n\t\t\t\t<\/div>\n\t\t\t\t<div class=\"elementor-element elementor-element-90a2a66 elementor-widget elementor-widget-heading\" data-id=\"90a2a66\" data-element_type=\"widget\" data-widget_type=\"heading.default\">\n\t\t\t\t<div class=\"elementor-widget-container\">\n\t\t\t<h2 class=\"elementor-heading-title elementor-size-default\">Skontaktuj si\u0119 z <span style=\"color: #503b97\">nami.<\/span><\/h2>\t\t<\/div>\n\t\t\t\t<\/div>\n\t\t\t\t<div class=\"elementor-element elementor-element-1aebc2e elementor-widget elementor-widget-heading\" data-id=\"1aebc2e\" data-element_type=\"widget\" data-widget_type=\"heading.default\">\n\t\t\t\t<div class=\"elementor-widget-container\">\n\t\t\t<h4 class=\"elementor-heading-title elementor-size-default\">Je\u015bli dalej nie znalaz\u0142e\u015b odpowiedzi swoje pytanie, napisz do nas.<\/h4>\t\t<\/div>\n\t\t\t\t<\/div>\n\t\t\t\t\t<\/div>\n\t\t<\/div>\n\t\t\t\t<div class=\"elementor-column elementor-col-50 elementor-top-column elementor-element elementor-element-4f93b9c\" data-id=\"4f93b9c\" data-element_type=\"column\">\n\t\t\t<div class=\"elementor-widget-wrap elementor-element-populated\">\n\t\t\t\t\t\t<div class=\"elementor-element elementor-element-213c1a0 elementor-absolute elementor-widget elementor-widget-image\" data-id=\"213c1a0\" data-element_type=\"widget\" data-settings=\"{&quot;_position&quot;:&quot;absolute&quot;}\" data-widget_type=\"image.default\">\n\t\t\t\t<div class=\"elementor-widget-container\">\n\t\t\t\t\t\t\t\t\t\t\t\t\t<img fetchpriority=\"high\" decoding=\"async\" width=\"404\" height=\"530\" src=\"https:\/\/safekiddo.com\/wp-content\/uploads\/2020\/10\/contact-img.png\" class=\"attachment-full size-full wp-image-934\" alt=\"\" srcset=\"https:\/\/safekiddo.com\/wp-content\/uploads\/2020\/10\/contact-img.png 404w, https:\/\/safekiddo.com\/wp-content\/uploads\/2020\/10\/contact-img-229x300.png 229w\" sizes=\"(max-width: 404px) 100vw, 404px\" \/>\t\t\t\t\t\t\t\t\t\t\t\t\t<\/div>\n\t\t\t\t<\/div>\n\t\t\t\t\t<\/div>\n\t\t<\/div>\n\t\t\t\t\t<\/div>\n\t\t<\/section>\n\t\t\t\t<section class=\"elementor-section elementor-top-section elementor-element elementor-element-97e3ef9 elementor-section-content-middle elementor-section-boxed elementor-section-height-default elementor-section-height-default\" data-id=\"97e3ef9\" data-element_type=\"section\" data-settings=\"{&quot;background_background&quot;:&quot;classic&quot;}\">\n\t\t\t\t\t\t<div class=\"elementor-container elementor-column-gap-no\">\n\t\t\t\t\t<div class=\"elementor-column elementor-col-50 elementor-top-column elementor-element elementor-element-70aa100\" data-id=\"70aa100\" data-element_type=\"column\">\n\t\t\t<div class=\"elementor-widget-wrap elementor-element-populated\">\n\t\t\t\t\t\t<div class=\"elementor-element elementor-element-f9fab03 elementor-widget elementor-widget-heading\" data-id=\"f9fab03\" data-element_type=\"widget\" data-widget_type=\"heading.default\">\n\t\t\t\t<div class=\"elementor-widget-container\">\n\t\t\t<h2 class=\"elementor-heading-title elementor-size-default\">Kontakt<\/h2>\t\t<\/div>\n\t\t\t\t<\/div>\n\t\t\t\t<div class=\"elementor-element elementor-element-562f0fb elementor-widget elementor-widget-text-editor\" data-id=\"562f0fb\" data-element_type=\"widget\" data-widget_type=\"text-editor.default\">\n\t\t\t\t<div class=\"elementor-widget-container\">\n\t\t\t\t\t\t\t<p>Masz wi\u0119cej pyta\u0144? Za pomoc\u0105 formularza kontaktowego wy\u015blij swoje zapytanie, a my postaramy si\u0119 odpowiedzie\u0107, jak najszybciej!<\/p>\t\t\t\t\t\t<\/div>\n\t\t\t\t<\/div>\n\t\t\t\t<div class=\"elementor-element elementor-element-76d881b elementor-widget elementor-widget-text-editor\" data-id=\"76d881b\" data-element_type=\"widget\" data-widget_type=\"text-editor.default\">\n\t\t\t\t<div class=\"elementor-widget-container\">\n\t\t\t\t\t\t\t<p><strong>Safe<\/strong>Kiddo Sp. z o.o. Sp. k.<\/p>\t\t\t\t\t\t<\/div>\n\t\t\t\t<\/div>\n\t\t\t\t<div class=\"elementor-element elementor-element-1868696 elementor-widget elementor-widget-text-editor\" data-id=\"1868696\" data-element_type=\"widget\" data-widget_type=\"text-editor.default\">\n\t\t\t\t<div class=\"elementor-widget-container\">\n\t\t\t\t\t\t\t<p>R\u00f3\u017cana 36\/188<br \/>02-569 Warszawa, PL<\/p>\t\t\t\t\t\t<\/div>\n\t\t\t\t<\/div>\n\t\t\t\t<div class=\"elementor-element elementor-element-30a0162 elementor-icon-list--layout-traditional elementor-list-item-link-full_width elementor-widget elementor-widget-icon-list\" data-id=\"30a0162\" data-element_type=\"widget\" data-widget_type=\"icon-list.default\">\n\t\t\t\t<div class=\"elementor-widget-container\">\n\t\t\t\t\t<ul class=\"elementor-icon-list-items\">\n\t\t\t\t\t\t\t<li class=\"elementor-icon-list-item\">\n\t\t\t\t\t\t\t\t\t\t\t<a href=\"mailto:contact@safekiddo.pl\">\n\n\t\t\t\t\t\t\t\t\t\t\t<span class=\"elementor-icon-list-text\">contact@safekiddo.pl<\/span>\n\t\t\t\t\t\t\t\t\t\t\t<\/a>\n\t\t\t\t\t\t\t\t\t<\/li>\n\t\t\t\t\t\t<\/ul>\n\t\t\t\t<\/div>\n\t\t\t\t<\/div>\n\t\t\t\t\t<\/div>\n\t\t<\/div>\n\t\t\t\t<div class=\"elementor-column elementor-col-50 elementor-top-column elementor-element elementor-element-ef84bf5\" data-id=\"ef84bf5\" data-element_type=\"column\">\n\t\t\t<div class=\"elementor-widget-wrap elementor-element-populated\">\n\t\t\t\t\t\t<div class=\"elementor-element elementor-element-c05f243 elementor-button-align-start elementor-widget elementor-widget-form\" data-id=\"c05f243\" data-element_type=\"widget\" data-settings=\"{&quot;step_next_label&quot;:&quot;Nast\\u0119pny&quot;,&quot;step_previous_label&quot;:&quot;Poprzedni&quot;,&quot;button_width&quot;:&quot;100&quot;,&quot;step_type&quot;:&quot;number_text&quot;,&quot;step_icon_shape&quot;:&quot;circle&quot;}\" data-widget_type=\"form.default\">\n\t\t\t\t<div class=\"elementor-widget-container\">\n\t\t\t\t\t<form class=\"elementor-form\" method=\"post\" name=\"Nowy formularz\">\n\t\t\t<input type=\"hidden\" name=\"post_id\" value=\"1378\"\/>\n\t\t\t<input type=\"hidden\" name=\"form_id\" value=\"c05f243\"\/>\n\t\t\t<input type=\"hidden\" name=\"referer_title\" value=\"SafeKiddo\" \/>\n\n\t\t\t\n\t\t\t<div class=\"elementor-form-fields-wrapper elementor-labels-above\">\n\t\t\t\t\t\t\t\t<div class=\"elementor-field-type-text elementor-field-group elementor-column elementor-field-group-name elementor-col-100\">\n\t\t\t\t\t\t\t\t\t\t\t\t\t<input size=\"1\" type=\"text\" name=\"form_fields[name]\" id=\"form-field-name\" class=\"elementor-field elementor-size-lg  elementor-field-textual\" placeholder=\"Imi\u0119\">\n\t\t\t\t\t\t\t\t\t\t\t<\/div>\n\t\t\t\t\t\t\t\t<div class=\"elementor-field-type-email elementor-field-group elementor-column elementor-field-group-email elementor-col-100 elementor-field-required\">\n\t\t\t\t\t\t\t\t\t\t\t\t\t<input size=\"1\" type=\"email\" name=\"form_fields[email]\" id=\"form-field-email\" class=\"elementor-field elementor-size-lg  elementor-field-textual\" placeholder=\"E-mail \" required=\"required\" aria-required=\"true\">\n\t\t\t\t\t\t\t\t\t\t\t<\/div>\n\t\t\t\t\t\t\t\t<div class=\"elementor-field-type-select elementor-field-group elementor-column elementor-field-group-field_9fabefa elementor-col-100 elementor-field-required\">\n\t\t\t\t\t\t\t<div class=\"elementor-field elementor-select-wrapper remove-before \">\n\t\t\t<div class=\"select-caret-down-wrapper\">\n\t\t\t\t<i aria-hidden=\"true\" class=\"eicon-caret-down\"><\/i>\t\t\t<\/div>\n\t\t\t<select name=\"form_fields[field_9fabefa]\" id=\"form-field-field_9fabefa\" class=\"elementor-field-textual elementor-size-lg\" required=\"required\" aria-required=\"true\">\n\t\t\t\t\t\t\t\t\t<option value=\"Wybierz temat\">Wybierz temat<\/option>\n\t\t\t\t\t\t\t\t\t<option value=\"Temat 1\">Temat 1<\/option>\n\t\t\t\t\t\t\t\t\t<option value=\"Temat 2\">Temat 2<\/option>\n\t\t\t\t\t\t\t\t\t<option value=\"Temat 3\">Temat 3<\/option>\n\t\t\t\t\t\t\t<\/select>\n\t\t<\/div>\n\t\t\t\t\t\t<\/div>\n\t\t\t\t\t\t\t\t<div class=\"elementor-field-type-textarea elementor-field-group elementor-column elementor-field-group-message elementor-col-100\">\n\t\t\t\t\t<textarea class=\"elementor-field-textual elementor-field  elementor-size-lg\" name=\"form_fields[message]\" id=\"form-field-message\" rows=\"4\" placeholder=\"Tre\u015b\u0107\"><\/textarea>\t\t\t\t<\/div>\n\t\t\t\t\t\t\t\t<div class=\"elementor-field-group elementor-column elementor-field-type-submit elementor-col-100 e-form__buttons\">\n\t\t\t\t\t<button class=\"elementor-button elementor-size-sm\" type=\"submit\">\n\t\t\t\t\t\t<span class=\"elementor-button-content-wrapper\">\n\t\t\t\t\t\t\t\t\t\t\t\t\t\t\t<span class=\"elementor-button-icon\">\n\t\t\t\t\t\t\t\t\t<i aria-hidden=\"true\" class=\"fas fa-paper-plane\"><\/i>\t\t\t\t\t\t\t\t\t\t\t\t\t\t\t\t\t<\/span>\n\t\t\t\t\t\t\t\t\t\t\t\t\t\t\t\t\t\t\t\t\t\t<span class=\"elementor-button-text\">Wy\u015blij<\/span>\n\t\t\t\t\t\t\t\t\t\t\t\t\t<\/span>\n\t\t\t\t\t<\/button>\n\t\t\t\t<\/div>\n\t\t\t<\/div>\n\t\t<\/form>\n\t\t\t\t<\/div>\n\t\t\t\t<\/div>\n\t\t\t\t\t<\/div>\n\t\t<\/div>\n\t\t\t\t\t<\/div>\n\t\t<\/section>\n\t\t\t\t<\/div>\n\t\t","protected":false},"excerpt":{"rendered":"<p>Aplikacja kontroli rodzicielskiej. Skontaktuj si\u0119 z nami. Je\u015bli dalej nie znalaz\u0142e\u015b odpowiedzi swoje pytanie, napisz do nas. Kontakt Masz wi\u0119cej pyta\u0144? Za pomoc\u0105 formularza kontaktowego wy\u015blij swoje zapytanie, a my postaramy si\u0119 odpowiedzie\u0107, jak najszybciej! SafeKiddo Sp. z o.o. Sp. k. R\u00f3\u017cana 36\/18802-569 Warszawa, PL contact@safekiddo.pl<\/p>\n","protected":false},"author":5,"featured_media":0,"parent":0,"menu_order":0,"comment_status":"closed","ping_status":"closed","template":"","meta":{"_monsterinsights_skip_tracking":false,"_monsterinsights_sitenote_active":false,"_monsterinsights_sitenote_note":"","_monsterinsights_sitenote_category":0},"yoast_head":"<!-- This site is optimized with the Yoast SEO plugin v19.7.1 - https:\/\/yoast.com\/wordpress\/plugins\/seo\/ -->\n<title>Kontakt - SafeKiddo<\/title>\n<meta name=\"robots\" content=\"index, follow, max-snippet:-1, max-image-preview:large, max-video-preview:-1\" \/>\n<link rel=\"canonical\" href=\"https:\/\/safekiddo.com\/pl\/kontakt\/\" \/>\n<meta property=\"og:locale\" content=\"pl_PL\" \/>\n<meta property=\"og:type\" content=\"article\" \/>\n<meta property=\"og:title\" content=\"Kontakt - SafeKiddo\" \/>\n<meta property=\"og:description\" content=\"Aplikacja kontroli rodzicielskiej. Skontaktuj si\u0119 z nami. Je\u015bli dalej nie znalaz\u0142e\u015b odpowiedzi swoje pytanie, napisz do nas. Kontakt Masz wi\u0119cej pyta\u0144? Za pomoc\u0105 formularza kontaktowego wy\u015blij swoje zapytanie, a my postaramy si\u0119 odpowiedzie\u0107, jak najszybciej! SafeKiddo Sp. z o.o. Sp. k. R\u00f3\u017cana 36\/18802-569 Warszawa, PL contact@safekiddo.pl\" \/>\n<meta property=\"og:url\" content=\"https:\/\/safekiddo.com\/pl\/kontakt\/\" \/>\n<meta property=\"og:site_name\" content=\"SafeKiddo\" \/>\n<meta property=\"article:modified_time\" content=\"2022-08-16T13:29:21+00:00\" \/>\n<meta property=\"og:image\" content=\"http:\/\/safekiddo.com\/wp-content\/uploads\/2020\/10\/contact-img.png\" \/>\n<meta name=\"twitter:card\" content=\"summary_large_image\" \/>\n<meta name=\"twitter:label1\" content=\"Szacowany czas czytania\" \/>\n\t<meta name=\"twitter:data1\" content=\"1 minuta\" \/>\n<script type=\"application\/ld+json\" class=\"yoast-schema-graph\">{\"@context\":\"https:\/\/schema.org\",\"@graph\":[{\"@type\":\"WebPage\",\"@id\":\"https:\/\/safekiddo.com\/pl\/kontakt\/\",\"url\":\"https:\/\/safekiddo.com\/pl\/kontakt\/\",\"name\":\"Kontakt - SafeKiddo\",\"isPartOf\":{\"@id\":\"https:\/\/safekiddo.com\/#website\"},\"datePublished\":\"2020-10-23T16:33:06+00:00\",\"dateModified\":\"2022-08-16T13:29:21+00:00\",\"breadcrumb\":{\"@id\":\"https:\/\/safekiddo.com\/pl\/kontakt\/#breadcrumb\"},\"inLanguage\":\"pl-PL\",\"potentialAction\":[{\"@type\":\"ReadAction\",\"target\":[\"https:\/\/safekiddo.com\/pl\/kontakt\/\"]}]},{\"@type\":\"BreadcrumbList\",\"@id\":\"https:\/\/safekiddo.com\/pl\/kontakt\/#breadcrumb\",\"itemListElement\":[{\"@type\":\"ListItem\",\"position\":1,\"name\":\"Home\",\"item\":\"https:\/\/safekiddo.com\/\"},{\"@type\":\"ListItem\",\"position\":2,\"name\":\"Kontakt\"}]},{\"@type\":\"WebSite\",\"@id\":\"https:\/\/safekiddo.com\/#website\",\"url\":\"https:\/\/safekiddo.com\/\",\"name\":\"SafeKiddo\",\"description\":\"\",\"potentialAction\":[{\"@type\":\"SearchAction\",\"target\":{\"@type\":\"EntryPoint\",\"urlTemplate\":\"https:\/\/safekiddo.com\/?s={search_term_string}\"},\"query-input\":\"required name=search_term_string\"}],\"inLanguage\":\"pl-PL\"}]}<\/script>\n<!-- \/ Yoast SEO plugin. -->","yoast_head_json":{"title":"Kontakt - SafeKiddo","robots":{"index":"index","follow":"follow","max-snippet":"max-snippet:-1","max-image-preview":"max-image-preview:large","max-video-preview":"max-video-preview:-1"},"canonical":"https:\/\/safekiddo.com\/pl\/kontakt\/","og_locale":"pl_PL","og_type":"article","og_title":"Kontakt - SafeKiddo","og_description":"Aplikacja kontroli rodzicielskiej. Skontaktuj si\u0119 z nami. Je\u015bli dalej nie znalaz\u0142e\u015b odpowiedzi swoje pytanie, napisz do nas. Kontakt Masz wi\u0119cej pyta\u0144? Za pomoc\u0105 formularza kontaktowego wy\u015blij swoje zapytanie, a my postaramy si\u0119 odpowiedzie\u0107, jak najszybciej! SafeKiddo Sp. z o.o. Sp. k. R\u00f3\u017cana 36\/18802-569 Warszawa, PL contact@safekiddo.pl","og_url":"https:\/\/safekiddo.com\/pl\/kontakt\/","og_site_name":"SafeKiddo","article_modified_time":"2022-08-16T13:29:21+00:00","og_image":[{"url":"http:\/\/safekiddo.com\/wp-content\/uploads\/2020\/10\/contact-img.png"}],"twitter_card":"summary_large_image","twitter_misc":{"Szacowany czas czytania":"1 minuta"},"schema":{"@context":"https:\/\/schema.org","@graph":[{"@type":"WebPage","@id":"https:\/\/safekiddo.com\/pl\/kontakt\/","url":"https:\/\/safekiddo.com\/pl\/kontakt\/","name":"Kontakt - SafeKiddo","isPartOf":{"@id":"https:\/\/safekiddo.com\/#website"},"datePublished":"2020-10-23T16:33:06+00:00","dateModified":"2022-08-16T13:29:21+00:00","breadcrumb":{"@id":"https:\/\/safekiddo.com\/pl\/kontakt\/#breadcrumb"},"inLanguage":"pl-PL","potentialAction":[{"@type":"ReadAction","target":["https:\/\/safekiddo.com\/pl\/kontakt\/"]}]},{"@type":"BreadcrumbList","@id":"https:\/\/safekiddo.com\/pl\/kontakt\/#breadcrumb","itemListElement":[{"@type":"ListItem","position":1,"name":"Home","item":"https:\/\/safekiddo.com\/"},{"@type":"ListItem","position":2,"name":"Kontakt"}]},{"@type":"WebSite","@id":"https:\/\/safekiddo.com\/#website","url":"https:\/\/safekiddo.com\/","name":"SafeKiddo","description":"","potentialAction":[{"@type":"SearchAction","target":{"@type":"EntryPoint","urlTemplate":"https:\/\/safekiddo.com\/?s={search_term_string}"},"query-input":"required name=search_term_string"}],"inLanguage":"pl-PL"}]}},"_links":{"self":[{"href":"https:\/\/safekiddo.com\/pl\/wp-json\/wp\/v2\/pages\/1378"}],"collection":[{"href":"https:\/\/safekiddo.com\/pl\/wp-json\/wp\/v2\/pages"}],"about":[{"href":"https:\/\/safekiddo.com\/pl\/wp-json\/wp\/v2\/types\/page"}],"author":[{"embeddable":true,"href":"https:\/\/safekiddo.com\/pl\/wp-json\/wp\/v2\/users\/5"}],"replies":[{"embeddable":true,"href":"https:\/\/safekiddo.com\/pl\/wp-json\/wp\/v2\/comments?post=1378"}],"version-history":[{"count":21,"href":"https:\/\/safekiddo.com\/pl\/wp-json\/wp\/v2\/pages\/1378\/revisions"}],"predecessor-version":[{"id":3033,"href":"https:\/\/safekiddo.com\/pl\/wp-json\/wp\/v2\/pages\/1378\/revisions\/3033"}],"wp:attachment":[{"href":"https:\/\/safekiddo.com\/pl\/wp-json\/wp\/v2\/media?parent=1378"}],"curies":[{"name":"wp","href":"https:\/\/api.w.org\/{rel}","templated":true}]}}